{"id":72,"date":"2020-11-26T17:02:51","date_gmt":"2020-11-26T16:02:51","guid":{"rendered":"http:\/\/silhouettefranceleblog.fr\/?page_id=72"},"modified":"2020-12-07T17:20:41","modified_gmt":"2020-12-07T16:20:41","slug":"contact","status":"publish","type":"page","link":"https:\/\/silhouettefranceleblog.fr\/?page_id=72","title":{"rendered":"\u00c0 propos"},"content":{"rendered":"\n<h2>Vous \u00eates sur le blog Officiel de Silhouette France ! <\/h2>\n\n\n\n<p>Nous vous souhaitons la bienvenue :<br>Les machines Silhouettes sont des machines de d\u00e9coupe intelligentes qui permettent de cr\u00e9er \u00e0 l&#8217;infini ! Flockage, marquage, design, d\u00e9coupe&#8230; seule l&#8217;imagination est la limite ! <\/p>\n\n\n\n<p><\/p>\n\n\n\n<p><\/p>\n\n\n\n\n\n\n\n\n","protected":false},"excerpt":{"rendered":"<p>Vous \u00eates sur le blog Officiel de Silhouette France ! Nous vous souhaitons la bienvenue :Les machines Silhouettes sont des machines de d\u00e9coupe intelligentes qui &hellip; <\/p>\n","protected":false},"author":2,"featured_media":0,"parent":0,"menu_order":0,"comment_status":"closed","ping_status":"closed","template":"","meta":[],"yoast_head":"<!-- This site is optimized with the Yoast SEO plugin v15.9.1 - https:\/\/yoast.com\/wordpress\/plugins\/seo\/ -->\n<title>\u00c0 propos - Le Blog Officiel de Silhouette France<\/title>\n<meta name=\"robots\" content=\"index, follow, max-snippet:-1, max-image-preview:large, max-video-preview:-1\" \/>\n<link rel=\"canonical\" href=\"https:\/\/silhouettefranceleblog.fr\/?page_id=72\" \/>\n<meta property=\"og:locale\" content=\"fr_FR\" \/>\n<meta property=\"og:type\" content=\"article\" \/>\n<meta property=\"og:title\" content=\"\u00c0 propos - Le Blog Officiel de Silhouette France\" \/>\n<meta property=\"og:description\" content=\"Vous \u00eates sur le blog Officiel de Silhouette France ! Nous vous souhaitons la bienvenue :Les machines Silhouettes sont des machines de d\u00e9coupe intelligentes qui &hellip;\" \/>\n<meta property=\"og:url\" content=\"https:\/\/silhouettefranceleblog.fr\/?page_id=72\" \/>\n<meta property=\"og:site_name\" content=\"Le Blog Officiel de Silhouette France\" \/>\n<meta property=\"article:modified_time\" content=\"2020-12-07T16:20:41+00:00\" \/>\n<meta name=\"twitter:card\" content=\"summary_large_image\" \/>\n<script type=\"application\/ld+json\" class=\"yoast-schema-graph\">{\"@context\":\"https:\/\/schema.org\",\"@graph\":[{\"@type\":\"WebSite\",\"@id\":\"https:\/\/silhouettefranceleblog.fr\/#website\",\"url\":\"https:\/\/silhouettefranceleblog.fr\/\",\"name\":\"Le Blog Officiel de Silhouette France\",\"description\":\"Par Ankersmit France\",\"potentialAction\":[{\"@type\":\"SearchAction\",\"target\":\"https:\/\/silhouettefranceleblog.fr\/?s={search_term_string}\",\"query-input\":\"required name=search_term_string\"}],\"inLanguage\":\"fr-FR\"},{\"@type\":\"WebPage\",\"@id\":\"https:\/\/silhouettefranceleblog.fr\/?page_id=72#webpage\",\"url\":\"https:\/\/silhouettefranceleblog.fr\/?page_id=72\",\"name\":\"\\u00c0 propos - Le Blog Officiel de Silhouette France\",\"isPartOf\":{\"@id\":\"https:\/\/silhouettefranceleblog.fr\/#website\"},\"datePublished\":\"2020-11-26T16:02:51+00:00\",\"dateModified\":\"2020-12-07T16:20:41+00:00\",\"breadcrumb\":{\"@id\":\"https:\/\/silhouettefranceleblog.fr\/?page_id=72#breadcrumb\"},\"inLanguage\":\"fr-FR\",\"potentialAction\":[{\"@type\":\"ReadAction\",\"target\":[\"https:\/\/silhouettefranceleblog.fr\/?page_id=72\"]}]},{\"@type\":\"BreadcrumbList\",\"@id\":\"https:\/\/silhouettefranceleblog.fr\/?page_id=72#breadcrumb\",\"itemListElement\":[{\"@type\":\"ListItem\",\"position\":1,\"item\":{\"@type\":\"WebPage\",\"@id\":\"https:\/\/silhouettefranceleblog.fr\/\",\"url\":\"https:\/\/silhouettefranceleblog.fr\/\",\"name\":\"Accueil\"}},{\"@type\":\"ListItem\",\"position\":2,\"item\":{\"@type\":\"WebPage\",\"@id\":\"https:\/\/silhouettefranceleblog.fr\/?page_id=72\",\"url\":\"https:\/\/silhouettefranceleblog.fr\/?page_id=72\",\"name\":\"\\u00c0 propos\"}}]}]}<\/script>\n<!-- \/ Yoast SEO plugin. -->","_links":{"self":[{"href":"https:\/\/silhouettefranceleblog.fr\/index.php?rest_route=\/wp\/v2\/pages\/72"}],"collection":[{"href":"https:\/\/silhouettefranceleblog.fr\/index.php?rest_route=\/wp\/v2\/pages"}],"about":[{"href":"https:\/\/silhouettefranceleblog.fr\/index.php?rest_route=\/wp\/v2\/types\/page"}],"author":[{"embeddable":true,"href":"https:\/\/silhouettefranceleblog.fr\/index.php?rest_route=\/wp\/v2\/users\/2"}],"replies":[{"embeddable":true,"href":"https:\/\/silhouettefranceleblog.fr\/index.php?rest_route=%2Fwp%2Fv2%2Fcomments&post=72"}],"version-history":[{"count":4,"href":"https:\/\/silhouettefranceleblog.fr\/index.php?rest_route=\/wp\/v2\/pages\/72\/revisions"}],"predecessor-version":[{"id":131,"href":"https:\/\/silhouettefranceleblog.fr\/index.php?rest_route=\/wp\/v2\/pages\/72\/revisions\/131"}],"wp:attachment":[{"href":"https:\/\/silhouettefranceleblog.fr\/index.php?rest_route=%2Fwp%2Fv2%2Fmedia&parent=72"}],"curies":[{"name":"wp","href":"https:\/\/api.w.org\/{rel}","templated":true}]}}